{"id":5,"date":"2021-09-20T12:48:28","date_gmt":"2021-09-20T12:48:28","guid":{"rendered":"https:\/\/kompetenzsprint.de\/?page_id=5"},"modified":"2021-09-20T14:30:49","modified_gmt":"2021-09-20T14:30:49","slug":"create-your-website-with-blocks","status":"publish","type":"page","link":"https:\/\/kompetenzsprint.de\/","title":{"rendered":"Aktuelle Kurs-Auswahl:"},"content":{"rendered":"\n<div class=\"wp-block-media-text alignwide is-stacked-on-mobile\" style=\"grid-template-columns:20% auto\"><figure class=\"wp-block-media-text__media\"><img loading=\"lazy\" decoding=\"async\" width=\"500\" height=\"500\" src=\"https:\/\/kompetenzsprint.de\/wp-content\/uploads\/2021\/09\/1.png\" alt=\"\" class=\"wp-image-31 size-full\" srcset=\"https:\/\/kompetenzsprint.de\/wp-content\/uploads\/2021\/09\/1.png 500w, https:\/\/kompetenzsprint.de\/wp-content\/uploads\/2021\/09\/1-300x300.png 300w, https:\/\/kompetenzsprint.de\/wp-content\/uploads\/2021\/09\/1-150x150.png 150w\" sizes=\"auto, (max-width: 500px) 100vw, 500px\" \/><\/figure><div class=\"wp-block-media-text__content\">\n<p class=\"has-large-font-size\">Hier findest Du unsere Empfehlungen:                                    Handverlesene Weiterbildungsangebote, die Dich schnell auf ein neues Level bringen! Relevantes Praxiswissen, von Expert*innen unterhaltsam &amp; kompakt pr\u00e4sentiert! <\/p>\n<\/div><\/div>\n\n\n\n<h4 class=\"alignwide wp-block-heading\">NEW WORK EXPERT &#8211; Zertifikatslehrgang &#8211; IHK D\u00fcsseldorf <\/h4>\n\n\n\n<div class=\"wp-block-columns alignwide are-vertically-aligned-center is-style-twentytwentyone-columns-overlap is-layout-flex wp-container-core-columns-is-layout-9d6595d7 wp-block-columns-is-layout-flex\">\n<div class=\"wp-block-column is-vertically-aligned-center is-layout-flow wp-block-column-is-layout-flow\">\n<figure class=\"wp-block-image alignfull size-large is-style-rounded\"><img loading=\"lazy\" decoding=\"async\" width=\"1024\" height=\"576\" src=\"https:\/\/kompetenzsprint.de\/wp-content\/uploads\/2021\/09\/newworkexperts-1024x576.png\" alt=\"\" class=\"wp-image-36\" srcset=\"https:\/\/kompetenzsprint.de\/wp-content\/uploads\/2021\/09\/newworkexperts-1024x576.png 1024w, https:\/\/kompetenzsprint.de\/wp-content\/uploads\/2021\/09\/newworkexperts-300x169.png 300w, https:\/\/kompetenzsprint.de\/wp-content\/uploads\/2021\/09\/newworkexperts-768x432.png 768w, https:\/\/kompetenzsprint.de\/wp-content\/uploads\/2021\/09\/newworkexperts-1536x864.png 1536w, https:\/\/kompetenzsprint.de\/wp-content\/uploads\/2021\/09\/newworkexperts-1200x675.png 1200w, https:\/\/kompetenzsprint.de\/wp-content\/uploads\/2021\/09\/newworkexperts.png 1920w\" sizes=\"auto, (max-width: 1024px) 100vw, 1024px\" \/><\/figure>\n<\/div>\n\n\n\n<div class=\"wp-block-column is-vertically-aligned-center is-layout-flow wp-block-column-is-layout-flow\">\n<div class=\"wp-block-columns is-layout-flex wp-container-core-columns-is-layout-9d6595d7 wp-block-columns-is-layout-flex\">\n<div class=\"wp-block-column is-layout-flow wp-block-column-is-layout-flow\" style=\"flex-basis:66.66%\">\n<pre class=\"wp-block-preformatted\" style=\"font-size:12px\"><strong>Den Wandel in der Arbeitswelt gestalten - mit \u00dcberzeugung und Kompetenz!<\/strong> Jetzt geht es um das Wie! \n\nEs gilt den Fokus auf den Sinn einer Organisation zu legen. Kundenzentrierung braucht neue Formen der Zusammenarbeit und Kommunikation. Durch digitale Medien m\u00fcssen Teams nicht mehr physisch zusammensitzen. Ein offenes und kreatives Mindset ist schon heute f\u00fcr viele Rollen essentiell. Die Frage, ob sich New Work durchsetzt, ist  entschieden, jetzt geht es darum die Regeln zu beherrschen.<\/pre>\n\n\n\n<p><\/p>\n<\/div>\n<\/div>\n\n\n\n<pre class=\"wp-block-preformatted\">Realisierung:\n<a href=\"http:\/\/www.saretzkiundpartner.com\">Saretzki&amp;Partner<\/a>, Zukunftsagenten\n\nInfos &amp; Buchung:\n<a href=\"https:\/\/www.duesseldorf.ihk.de\/system\/vst\/2601776?id=369317&amp;terminId=632408\">IHK D\u00fcsseldorf<\/a><\/pre>\n<\/div>\n<\/div>\n\n\n\n<div style=\"height:50px\" aria-hidden=\"true\" class=\"wp-block-spacer\"><\/div>\n\n\n\n<div class=\"wp-block-columns alignwide are-vertically-aligned-top is-layout-flex wp-container-core-columns-is-layout-9d6595d7 wp-block-columns-is-layout-flex\">\n<div class=\"wp-block-column is-vertically-aligned-top is-layout-flow wp-block-column-is-layout-flow\">\n<h3 class=\"wp-block-heading\">Informieren<\/h3>\n\n\n\n<p>Wir \u00f6ffnen neue T\u00fcren und bringen Dich auf den aktuellen Stand der Dinge.<\/p>\n<\/div>\n\n\n\n<div class=\"wp-block-column is-vertically-aligned-top is-layout-flow wp-block-column-is-layout-flow\">\n<h3 class=\"wp-block-heading\">Instruieren<\/h3>\n\n\n\n<p>Wir zeigen Dir wie es geht. So kommst Du von der Theorie in die Praxis. Du lernst Wege schnell und methodisch zum bestm\u00f6glichen Resultat zu kommen.<\/p>\n<\/div>\n\n\n\n<div class=\"wp-block-column is-vertically-aligned-top is-layout-flow wp-block-column-is-layout-flow\">\n<h3 class=\"wp-block-heading\">Inspirieren<\/h3>\n\n\n\n<p>Wir glauben an Wachstum. Kompetenzen entstehten durch das Zusammentreffen von F\u00e4higkeit &amp; Fertigkeit, von Wissen &amp; Wollen, von Haltung und Handeln &#8211; dabei begleiten wir Dich.<\/p>\n<\/div>\n<\/div>\n\n\n\n<p><\/p>\n","protected":false},"excerpt":{"rendered":"<p>Hier findest Du unsere Empfehlungen: Handverlesene Weiterbildungsangebote, die Dich schnell auf ein neues Level bringen! Relevantes Praxiswissen, von Expert*innen unterhaltsam &amp; kompakt pr\u00e4sentiert! NEW WORK EXPERT &#8211; Zertifikatslehrgang &#8211; IHK D\u00fcsseldorf Den Wandel in der Arbeitswelt gestalten &#8211; mit \u00dcberzeugung und Kompetenz! Jetzt geht es um das Wie! Es gilt den Fokus auf den Sinn [&hellip;]<\/p>\n","protected":false},"author":1,"featured_media":0,"parent":0,"menu_order":0,"comment_status":"closed","ping_status":"closed","template":"","meta":{"footnotes":""},"class_list":["post-5","page","type-page","status-publish","hentry"],"_links":{"self":[{"href":"https:\/\/kompetenzsprint.de\/index.php?rest_route=\/wp\/v2\/pages\/5","targetHints":{"allow":["GET"]}}],"collection":[{"href":"https:\/\/kompetenzsprint.de\/index.php?rest_route=\/wp\/v2\/pages"}],"about":[{"href":"https:\/\/kompetenzsprint.de\/index.php?rest_route=\/wp\/v2\/types\/page"}],"author":[{"embeddable":true,"href":"https:\/\/kompetenzsprint.de\/index.php?rest_route=\/wp\/v2\/users\/1"}],"replies":[{"embeddable":true,"href":"https:\/\/kompetenzsprint.de\/index.php?rest_route=%2Fwp%2Fv2%2Fcomments&post=5"}],"version-history":[{"count":6,"href":"https:\/\/kompetenzsprint.de\/index.php?rest_route=\/wp\/v2\/pages\/5\/revisions"}],"predecessor-version":[{"id":42,"href":"https:\/\/kompetenzsprint.de\/index.php?rest_route=\/wp\/v2\/pages\/5\/revisions\/42"}],"wp:attachment":[{"href":"https:\/\/kompetenzsprint.de\/index.php?rest_route=%2Fwp%2Fv2%2Fmedia&parent=5"}],"curies":[{"name":"wp","href":"https:\/\/api.w.org\/{rel}","templated":true}]}}